{"id":5983,"date":"2021-05-09T19:17:42","date_gmt":"2021-05-09T17:17:42","guid":{"rendered":"http:\/\/www.dev.centreplage.com\/?page_id=5983"},"modified":"2021-05-09T20:06:19","modified_gmt":"2021-05-09T18:06:19","slug":"rooms","status":"publish","type":"page","link":"https:\/\/www.dev.centreplage.com\/index.php\/language\/en\/rooms\/","title":{"rendered":"Rooms"},"content":{"rendered":"\t\t<div data-elementor-type=\"wp-page\" data-elementor-id=\"5983\" class=\"elementor elementor-5983\" data-elementor-settings=\"[]\">\n\t\t\t\t\t\t\t<div class=\"elementor-section-wrap\">\n\t\t\t\t\t\t\t<section class=\"elementor-section elementor-top-section elementor-element elementor-element-d05d569 elementor-section-boxed elementor-section-height-default elementor-section-height-default qodef-elementor-content-no\" data-id=\"d05d569\" data-element_type=\"section\" data-settings=\"{&quot;background_background&quot;:&quot;classic&quot;}\">\n\t\t\t\t\t\t<div class=\"elementor-container elementor-column-gap-default\">\n\t\t\t\t\t<div class=\"elementor-column elementor-col-100 elementor-top-column elementor-element elementor-element-96a8504\" data-id=\"96a8504\" data-element_type=\"column\">\n\t\t\t<div class=\"elementor-widget-wrap elementor-element-populated\">\n\t\t\t\t\t\t\t\t<div class=\"elementor-element elementor-element-f8c6057 elementor-widget elementor-widget-heading\" data-id=\"f8c6057\" data-element_type=\"widget\" data-widget_type=\"heading.default\">\n\t\t\t\t<div class=\"elementor-widget-container\">\n\t\t\t<h1 class=\"elementor-heading-title elementor-size-default\">Rooms<\/h1>\t\t<\/div>\n\t\t\t\t<\/div>\n\t\t\t\t<div class=\"elementor-element elementor-element-7ba08f5 elementor-widget elementor-widget-text-editor\" data-id=\"7ba08f5\" data-element_type=\"widget\" data-widget_type=\"text-editor.default\">\n\t\t\t\t<div class=\"elementor-widget-container\">\n\t\t\t\t\t\t\t\t<p>For your getaway under the Catalan sun, our bright and welcoming rooms offer free and unlimited Wi-Fi, reversible air conditioning (individually regulated), a minibar for your refreshments, a bathroom with hairdryer and toilet, a safe to go to the beach with peace of mind, an LCD television, a balcony to bask in the sunrise or sunset&#8230;<\/p>\t\t\t\t\t\t<\/div>\n\t\t\t\t<\/div>\n\t\t\t\t\t<\/div>\n\t\t<\/div>\n\t\t\t\t\t\t\t<\/div>\n\t\t<\/section>\n\t\t\t\t<section class=\"elementor-section elementor-top-section elementor-element elementor-element-e2034a4 elementor-section-full_width elementor-section-height-default elementor-section-height-default qodef-elementor-content-no\" data-id=\"e2034a4\" data-element_type=\"section\">\n\t\t\t\t\t\t<div class=\"elementor-container elementor-column-gap-no\">\n\t\t\t\t\t<div class=\"elementor-column elementor-col-50 elementor-top-column elementor-element elementor-element-1e365ee\" data-id=\"1e365ee\" data-element_type=\"column\" data-settings=\"{&quot;background_background&quot;:&quot;classic&quot;}\">\n\t\t\t<div class=\"elementor-widget-wrap elementor-element-populated\">\n\t\t\t\t\t<div class=\"elementor-background-overlay\"><\/div>\n\t\t\t\t\t\t\t\t<div class=\"elementor-element elementor-element-324f005 elementor-widget elementor-widget-heading\" data-id=\"324f005\" data-element_type=\"widget\" data-widget_type=\"heading.default\">\n\t\t\t\t<div class=\"elementor-widget-container\">\n\t\t\t<h2 class=\"elementor-heading-title elementor-size-default\">Chambre single ou double<\/h2>\t\t<\/div>\n\t\t\t\t<\/div>\n\t\t\t\t<div class=\"elementor-element elementor-element-71c61bf elementor-widget elementor-widget-text-editor\" data-id=\"71c61bf\" data-element_type=\"widget\" data-widget_type=\"text-editor.default\">\n\t\t\t\t<div class=\"elementor-widget-container\">\n\t\t\t\t\t\t\t\t<p><span style=\"font-weight: 400;\">1 lit queen-size (160&#215;200) pour 1 ou 2 personne(s)<\/span><\/p><p><span style=\"font-weight: 400;\">Possibilit\u00e9 d\u2019ajouter un lit pour une personne suppl\u00e9mentaire<\/span><\/p><p><span style=\"font-weight: 400;\">Superficie : entre 14 et 17 m\u00b2<\/span><\/p>\t\t\t\t\t\t<\/div>\n\t\t\t\t<\/div>\n\t\t\t\t<div class=\"elementor-element elementor-element-c21446f elementor-widget elementor-widget-alloggio_core_button\" data-id=\"c21446f\" data-element_type=\"widget\" data-widget_type=\"alloggio_core_button.default\">\n\t\t\t\t<div class=\"elementor-widget-container\">\n\t\t\t<a class=\"qodef-shortcode qodef-m  qodef-button qodef-layout--filled  qodef-html--link\" href=\"https:\/\/www.secure-direct-hotel-booking.com\/module_booking_engine\/index.php?id_etab=9c4bd198aa8f75f6ba83891a84e51cff&#038;langue=francais\" target=\"_blank\" data-hover-background-color=\"#CD633C\" style=\"background-color: #353535;margin: 22px 0px 0px 0px\">\n\t<span class=\"qodef-m-text\">VOIR LES TARIFS ET DISPONIBILIT\u00c9S<\/span>\n\t<span class=\"qodef-m-background-holder\" style=\"background-color: #CD633C\"><\/span>\n<\/a>\t\t<\/div>\n\t\t\t\t<\/div>\n\t\t\t\t\t<\/div>\n\t\t<\/div>\n\t\t\t\t<div class=\"elementor-column elementor-col-50 elementor-top-column elementor-element elementor-element-174fbce\" data-id=\"174fbce\" data-element_type=\"column\">\n\t\t\t<div class=\"elementor-widget-wrap elementor-element-populated\">\n\t\t\t\t\t\t\t\t<div class=\"elementor-element elementor-element-ecf581e elementor-arrows-position-inside elementor-widget elementor-widget-image-carousel\" data-id=\"ecf581e\" data-element_type=\"widget\" data-settings=\"{&quot;slides_to_show&quot;:&quot;1&quot;,&quot;navigation&quot;:&quot;arrows&quot;,&quot;autoplay&quot;:&quot;yes&quot;,&quot;pause_on_hover&quot;:&quot;yes&quot;,&quot;pause_on_interaction&quot;:&quot;yes&quot;,&quot;autoplay_speed&quot;:5000,&quot;infinite&quot;:&quot;yes&quot;,&quot;effect&quot;:&quot;slide&quot;,&quot;speed&quot;:500}\" data-widget_type=\"image-carousel.default\">\n\t\t\t\t<div class=\"elementor-widget-container\">\n\t\t\t\t\t<div class=\"elementor-image-carousel-wrapper swiper-container\" dir=\"ltr\">\n\t\t\t<div class=\"elementor-image-carousel swiper-wrapper\">\n\t\t\t\t<div class=\"swiper-slide\"><figure class=\"swiper-slide-inner\"><img class=\"swiper-slide-image\" src=\"https:\/\/www.dev.centreplage.com\/wp-content\/uploads\/2021\/05\/chambre-double-hotel-centre-plage-650x467.jpg\" alt=\"chambre-double-hotel-centre-plage\" \/><\/figure><\/div><div class=\"swiper-slide\"><figure class=\"swiper-slide-inner\"><img class=\"swiper-slide-image\" src=\"https:\/\/www.dev.centreplage.com\/wp-content\/uploads\/2021\/05\/chambre-double-vue-sur-mer-650x466.jpg\" alt=\"chambre-double-vue-sur-mer\" \/><\/figure><\/div><div class=\"swiper-slide\"><figure class=\"swiper-slide-inner\"><img class=\"swiper-slide-image\" src=\"https:\/\/www.dev.centreplage.com\/wp-content\/uploads\/2021\/04\/chambre-dhotel-centre-plage-650x467.jpg\" alt=\"chambre double et lit suppl\u00e9mentaire\" \/><\/figure><\/div>\t\t\t<\/div>\n\t\t\t\t\t\t\t\t\t\t\t\t\t\t\t\t<div class=\"elementor-swiper-button elementor-swiper-button-prev\">\n\t\t\t\t\t\t<i class=\"eicon-chevron-left\" aria-hidden=\"true\"><\/i>\n\t\t\t\t\t\t<span class=\"elementor-screen-only\">Pr\u00e9c\u00e9dent<\/span>\n\t\t\t\t\t<\/div>\n\t\t\t\t\t<div class=\"elementor-swiper-button elementor-swiper-button-next\">\n\t\t\t\t\t\t<i class=\"eicon-chevron-right\" aria-hidden=\"true\"><\/i>\n\t\t\t\t\t\t<span class=\"elementor-screen-only\">Suivant<\/span>\n\t\t\t\t\t<\/div>\n\t\t\t\t\t\t\t\t\t<\/div>\n\t\t\t\t<\/div>\n\t\t\t\t<\/div>\n\t\t\t\t\t<\/div>\n\t\t<\/div>\n\t\t\t\t\t\t\t<\/div>\n\t\t<\/section>\n\t\t\t\t<section class=\"elementor-section elementor-top-section elementor-element elementor-element-71ee89c elementor-section-full_width elementor-section-height-default elementor-section-height-default qodef-elementor-content-no\" data-id=\"71ee89c\" data-element_type=\"section\">\n\t\t\t\t\t\t<div class=\"elementor-container elementor-column-gap-no\">\n\t\t\t\t\t<div class=\"elementor-column elementor-col-50 elementor-top-column elementor-element elementor-element-fbbec4b\" data-id=\"fbbec4b\" data-element_type=\"column\" data-settings=\"{&quot;background_background&quot;:&quot;classic&quot;}\">\n\t\t\t<div class=\"elementor-widget-wrap elementor-element-populated\">\n\t\t\t\t\t<div class=\"elementor-background-overlay\"><\/div>\n\t\t\t\t\t\t\t\t<div class=\"elementor-element elementor-element-77601c0 elementor-widget elementor-widget-heading\" data-id=\"77601c0\" data-element_type=\"widget\" data-widget_type=\"heading.default\">\n\t\t\t\t<div class=\"elementor-widget-container\">\n\t\t\t<h2 class=\"elementor-heading-title elementor-size-default\">Chambre Twin<\/h2>\t\t<\/div>\n\t\t\t\t<\/div>\n\t\t\t\t<div class=\"elementor-element elementor-element-02ebc32 elementor-widget elementor-widget-text-editor\" data-id=\"02ebc32\" data-element_type=\"widget\" data-widget_type=\"text-editor.default\">\n\t\t\t\t<div class=\"elementor-widget-container\">\n\t\t\t\t\t\t\t\t<p><span style=\"font-weight: 400;\">2 lits jumeaux (80&#215;200) pour 2 personnes\u00a0<\/span><\/p><p><span style=\"font-weight: 400;\">Possibilit\u00e9 d\u2019ajouter un lit pour 1 personne suppl\u00e9mentaire\u00a0<\/span><\/p><p><span style=\"font-weight: 400;\">Superficie : entre 14 et 17 m\u00b2<\/span><\/p>\t\t\t\t\t\t<\/div>\n\t\t\t\t<\/div>\n\t\t\t\t<div class=\"elementor-element elementor-element-40cab38 elementor-widget elementor-widget-alloggio_core_button\" data-id=\"40cab38\" data-element_type=\"widget\" data-widget_type=\"alloggio_core_button.default\">\n\t\t\t\t<div class=\"elementor-widget-container\">\n\t\t\t<a class=\"qodef-shortcode qodef-m  qodef-button qodef-layout--filled  qodef-html--link\" href=\"https:\/\/www.secure-direct-hotel-booking.com\/module_booking_engine\/index.php?id_etab=9c4bd198aa8f75f6ba83891a84e51cff&#038;langue=francais\" target=\"_blank\" data-hover-background-color=\"#CD633C\" style=\"background-color: #353535;margin: 22px 0px 0px 0px\">\n\t<span class=\"qodef-m-text\">VOIR LES TARIFS ET DISPONIBILIT\u00c9S<\/span>\n\t<span class=\"qodef-m-background-holder\" style=\"background-color: #CD633C\"><\/span>\n<\/a>\t\t<\/div>\n\t\t\t\t<\/div>\n\t\t\t\t\t<\/div>\n\t\t<\/div>\n\t\t\t\t<div class=\"elementor-column elementor-col-50 elementor-top-column elementor-element elementor-element-03ec20c\" data-id=\"03ec20c\" data-element_type=\"column\">\n\t\t\t<div class=\"elementor-widget-wrap elementor-element-populated\">\n\t\t\t\t\t\t\t\t<div class=\"elementor-element elementor-element-dc5e14e elementor-arrows-position-inside elementor-widget elementor-widget-image-carousel\" data-id=\"dc5e14e\" data-element_type=\"widget\" data-settings=\"{&quot;slides_to_show&quot;:&quot;1&quot;,&quot;navigation&quot;:&quot;arrows&quot;,&quot;autoplay&quot;:&quot;yes&quot;,&quot;pause_on_hover&quot;:&quot;yes&quot;,&quot;pause_on_interaction&quot;:&quot;yes&quot;,&quot;autoplay_speed&quot;:5000,&quot;infinite&quot;:&quot;yes&quot;,&quot;effect&quot;:&quot;slide&quot;,&quot;speed&quot;:500}\" data-widget_type=\"image-carousel.default\">\n\t\t\t\t<div class=\"elementor-widget-container\">\n\t\t\t\t\t<div class=\"elementor-image-carousel-wrapper swiper-container\" dir=\"ltr\">\n\t\t\t<div class=\"elementor-image-carousel swiper-wrapper\">\n\t\t\t\t<div class=\"swiper-slide\"><figure class=\"swiper-slide-inner\"><img class=\"swiper-slide-image\" src=\"https:\/\/www.dev.centreplage.com\/wp-content\/uploads\/2021\/04\/chambre-twin-650x467.jpg\" alt=\"chambre twin\" \/><\/figure><\/div><div class=\"swiper-slide\"><figure class=\"swiper-slide-inner\"><img class=\"swiper-slide-image\" src=\"https:\/\/www.dev.centreplage.com\/wp-content\/uploads\/2021\/04\/chambre-hotel-twin-650x467.jpg\" alt=\"chambre twin hotel\" \/><\/figure><\/div>\t\t\t<\/div>\n\t\t\t\t\t\t\t\t\t\t\t\t\t\t\t\t<div class=\"elementor-swiper-button elementor-swiper-button-prev\">\n\t\t\t\t\t\t<i class=\"eicon-chevron-left\" aria-hidden=\"true\"><\/i>\n\t\t\t\t\t\t<span class=\"elementor-screen-only\">Pr\u00e9c\u00e9dent<\/span>\n\t\t\t\t\t<\/div>\n\t\t\t\t\t<div class=\"elementor-swiper-button elementor-swiper-button-next\">\n\t\t\t\t\t\t<i class=\"eicon-chevron-right\" aria-hidden=\"true\"><\/i>\n\t\t\t\t\t\t<span class=\"elementor-screen-only\">Suivant<\/span>\n\t\t\t\t\t<\/div>\n\t\t\t\t\t\t\t\t\t<\/div>\n\t\t\t\t<\/div>\n\t\t\t\t<\/div>\n\t\t\t\t\t<\/div>\n\t\t<\/div>\n\t\t\t\t\t\t\t<\/div>\n\t\t<\/section>\n\t\t\t\t<section class=\"elementor-section elementor-top-section elementor-element elementor-element-178f16b elementor-section-full_width elementor-section-height-default elementor-section-height-default qodef-elementor-content-no\" data-id=\"178f16b\" data-element_type=\"section\">\n\t\t\t\t\t\t<div class=\"elementor-container elementor-column-gap-no\">\n\t\t\t\t\t<div class=\"elementor-column elementor-col-50 elementor-top-column elementor-element elementor-element-3022dd1\" data-id=\"3022dd1\" data-element_type=\"column\" data-settings=\"{&quot;background_background&quot;:&quot;classic&quot;}\">\n\t\t\t<div class=\"elementor-widget-wrap elementor-element-populated\">\n\t\t\t\t\t<div class=\"elementor-background-overlay\"><\/div>\n\t\t\t\t\t\t\t\t<div class=\"elementor-element elementor-element-f099577 elementor-widget elementor-widget-heading\" data-id=\"f099577\" data-element_type=\"widget\" data-widget_type=\"heading.default\">\n\t\t\t\t<div class=\"elementor-widget-container\">\n\t\t\t<h2 class=\"elementor-heading-title elementor-size-default\">Chambre familiale<\/h2>\t\t<\/div>\n\t\t\t\t<\/div>\n\t\t\t\t<div class=\"elementor-element elementor-element-4444da0 elementor-widget elementor-widget-text-editor\" data-id=\"4444da0\" data-element_type=\"widget\" data-widget_type=\"text-editor.default\">\n\t\t\t\t<div class=\"elementor-widget-container\">\n\t\t\t\t\t\t\t\t<p><span style=\"font-weight: 400;\">pour 3 ou 4 personnes<\/span><\/p><p><span style=\"font-weight: 400;\">Pour l\u00e9zarder au soleil sur la grande terrasse (20m\u00b2) en attendant que les bambins (ou les ados !) se r\u00e9veillent&#8230;\u00a0<\/span><\/p><ul><li style=\"font-weight: 400;\" aria-level=\"1\"><span style=\"font-weight: 400;\">Chambre 401<\/span><\/li><\/ul><p><span style=\"font-weight: 400;\">Pour garder un oeil sur les enfants : chambre 401 : 1 lit queen size (160&#215;200) et 2 lits superpos\u00e9s (90&#215;200) dans la m\u00eame pi\u00e8ce\u00a0 &#8211; 28 m\u00b2<\/span><\/p><ul><li style=\"font-weight: 400;\" aria-level=\"1\"><span style=\"font-weight: 400;\">Chambre 403\u00a0<\/span><\/li><\/ul><p><span style=\"font-weight: 400;\">\u00a0Pour pr\u00e9server votre intimit\u00e9, 2 pi\u00e8ces diff\u00e9rentes :1 lit queen size (160&#215;200) dans une pi\u00e8ce et 2 lits jumeaux (80&#215;200) dans l\u2019autre &#8211; 24 m\u00b2<\/span><\/p><p><br \/><br \/><\/p><p><i><span style=\"font-weight: 400;\">Et pour des familles de 5 personnes, pensez \u00e0 nos chambres communicantes : une double avec un lit queen-size (160&#215;200) et une twin avec 3 lits individuels (80&#215;200).<\/span><\/i><\/p>\t\t\t\t\t\t<\/div>\n\t\t\t\t<\/div>\n\t\t\t\t<div class=\"elementor-element elementor-element-12660b1 elementor-widget elementor-widget-alloggio_core_button\" data-id=\"12660b1\" data-element_type=\"widget\" data-widget_type=\"alloggio_core_button.default\">\n\t\t\t\t<div class=\"elementor-widget-container\">\n\t\t\t<a class=\"qodef-shortcode qodef-m  qodef-button qodef-layout--filled  qodef-html--link\" href=\"https:\/\/www.secure-direct-hotel-booking.com\/module_booking_engine\/index.php?id_etab=9c4bd198aa8f75f6ba83891a84e51cff&#038;langue=francais\" target=\"_blank\" data-hover-background-color=\"#CD633C\" style=\"background-color: #353535;margin: 22px 0px 0px 0px\">\n\t<span class=\"qodef-m-text\">VOIR LES TARIFS ET DISPONIBILIT\u00c9S<\/span>\n\t<span class=\"qodef-m-background-holder\" style=\"background-color: #CD633C\"><\/span>\n<\/a>\t\t<\/div>\n\t\t\t\t<\/div>\n\t\t\t\t\t<\/div>\n\t\t<\/div>\n\t\t\t\t<div class=\"elementor-column elementor-col-50 elementor-top-column elementor-element elementor-element-cc26855\" data-id=\"cc26855\" data-element_type=\"column\">\n\t\t\t<div class=\"elementor-widget-wrap elementor-element-populated\">\n\t\t\t\t\t\t\t\t<div class=\"elementor-element elementor-element-b7d43cd elementor-arrows-position-inside elementor-widget elementor-widget-image-carousel\" data-id=\"b7d43cd\" data-element_type=\"widget\" data-settings=\"{&quot;slides_to_show&quot;:&quot;1&quot;,&quot;navigation&quot;:&quot;arrows&quot;,&quot;autoplay&quot;:&quot;yes&quot;,&quot;pause_on_hover&quot;:&quot;yes&quot;,&quot;pause_on_interaction&quot;:&quot;yes&quot;,&quot;autoplay_speed&quot;:5000,&quot;infinite&quot;:&quot;yes&quot;,&quot;effect&quot;:&quot;slide&quot;,&quot;speed&quot;:500}\" data-widget_type=\"image-carousel.default\">\n\t\t\t\t<div class=\"elementor-widget-container\">\n\t\t\t\t\t<div class=\"elementor-image-carousel-wrapper swiper-container\" dir=\"ltr\">\n\t\t\t<div class=\"elementor-image-carousel swiper-wrapper\">\n\t\t\t\t<div class=\"swiper-slide\"><figure class=\"swiper-slide-inner\"><img class=\"swiper-slide-image\" src=\"https:\/\/www.dev.centreplage.com\/wp-content\/uploads\/2021\/04\/chambre-pour-famille-et-enfant-650x525.jpg\" alt=\"chambre pour famille\" \/><\/figure><\/div><div class=\"swiper-slide\"><figure class=\"swiper-slide-inner\"><img class=\"swiper-slide-image\" src=\"https:\/\/www.dev.centreplage.com\/wp-content\/uploads\/2021\/04\/chambre-familiale-avec-terrasse-650x525.jpg\" alt=\"chambre avec terrasse\" \/><\/figure><\/div><div class=\"swiper-slide\"><figure class=\"swiper-slide-inner\"><img class=\"swiper-slide-image\" src=\"https:\/\/www.dev.centreplage.com\/wp-content\/uploads\/2021\/04\/chambre-avec-lit-superposes-650x467.jpg\" alt=\"chambre avec lit superpose\" \/><\/figure><\/div><div class=\"swiper-slide\"><figure class=\"swiper-slide-inner\"><img class=\"swiper-slide-image\" src=\"https:\/\/www.dev.centreplage.com\/wp-content\/uploads\/2021\/04\/chambre-familiale-650x525.jpg\" alt=\"chambre avec frigo\" \/><\/figure><\/div><div class=\"swiper-slide\"><figure class=\"swiper-slide-inner\"><img class=\"swiper-slide-image\" src=\"https:\/\/www.dev.centreplage.com\/wp-content\/uploads\/2021\/04\/chambre-pour-famille-650x525.jpg\" alt=\"chambre et tv\" \/><\/figure><\/div>\t\t\t<\/div>\n\t\t\t\t\t\t\t\t\t\t\t\t\t\t\t\t<div class=\"elementor-swiper-button elementor-swiper-button-prev\">\n\t\t\t\t\t\t<i class=\"eicon-chevron-left\" aria-hidden=\"true\"><\/i>\n\t\t\t\t\t\t<span class=\"elementor-screen-only\">Pr\u00e9c\u00e9dent<\/span>\n\t\t\t\t\t<\/div>\n\t\t\t\t\t<div class=\"elementor-swiper-button elementor-swiper-button-next\">\n\t\t\t\t\t\t<i class=\"eicon-chevron-right\" aria-hidden=\"true\"><\/i>\n\t\t\t\t\t\t<span class=\"elementor-screen-only\">Suivant<\/span>\n\t\t\t\t\t<\/div>\n\t\t\t\t\t\t\t\t\t<\/div>\n\t\t\t\t<\/div>\n\t\t\t\t<\/div>\n\t\t\t\t\t<\/div>\n\t\t<\/div>\n\t\t\t\t\t\t\t<\/div>\n\t\t<\/section>\n\t\t\t\t\t\t<\/div>\n\t\t\t\t\t<\/div>\n\t\t","protected":false},"excerpt":{"rendered":"<p>Rooms For your getaway under the Catalan sun, our bright and welcoming rooms offer free and unlimited Wi-Fi, reversible air conditioning (individually regulated), a minibar for your refreshments, a bathroom with hairdryer and toilet, a safe to go to the beach with peace of mind, an LCD television, a balcony to bask in the sunrise [&hellip;]<\/p>\n","protected":false},"author":2,"featured_media":0,"parent":0,"menu_order":0,"comment_status":"closed","ping_status":"closed","template":"page-full-width.php","meta":[],"yoast_head":"<!-- This site is optimized with the Yoast SEO plugin v16.3 - https:\/\/yoast.com\/wordpress\/plugins\/seo\/ -->\n<title>Rooms - Hotel Centre Plage<\/title>\n<meta name=\"robots\" content=\"index, follow, max-snippet:-1, max-image-preview:large, max-video-preview:-1\" \/>\n<link rel=\"canonical\" href=\"http:\/\/www.dev.centreplage.com\/index.php\/language\/en\/rooms\/\" \/>\n<meta property=\"og:locale\" content=\"fr_FR\" \/>\n<meta property=\"og:type\" content=\"article\" \/>\n<meta property=\"og:title\" content=\"Rooms - Hotel Centre Plage\" \/>\n<meta property=\"og:description\" content=\"Rooms For your getaway under the Catalan sun, our bright and welcoming rooms offer free and unlimited Wi-Fi, reversible air conditioning (individually regulated), a minibar for your refreshments, a bathroom with hairdryer and toilet, a safe to go to the beach with peace of mind, an LCD television, a balcony to bask in the sunrise [&hellip;]\" \/>\n<meta property=\"og:url\" content=\"http:\/\/www.dev.centreplage.com\/index.php\/language\/en\/rooms\/\" \/>\n<meta property=\"og:site_name\" content=\"Hotel Centre Plage\" \/>\n<meta property=\"article:modified_time\" content=\"2021-05-09T18:06:19+00:00\" \/>\n<meta property=\"og:image\" content=\"http:\/\/www.dev.centreplage.com\/wp-content\/uploads\/2021\/05\/chambre-double-hotel-centre-plage-650x467.jpg\" \/>\n<meta name=\"twitter:card\" content=\"summary_large_image\" \/>\n<meta name=\"twitter:label1\" content=\"Dur\u00e9e de lecture est.\">\n\t<meta name=\"twitter:data1\" content=\"1 minute\">\n<script type=\"application\/ld+json\" class=\"yoast-schema-graph\">{\"@context\":\"https:\/\/schema.org\",\"@graph\":[{\"@type\":\"Organization\",\"@id\":\"https:\/\/www.dev.centreplage.com\/index.php\/language\/fr\/accueil\/#organization\",\"name\":\"Hotel Centre Plage\",\"url\":\"https:\/\/www.dev.centreplage.com\/index.php\/language\/fr\/accueil\/\",\"sameAs\":[],\"logo\":{\"@type\":\"ImageObject\",\"@id\":\"https:\/\/www.dev.centreplage.com\/index.php\/language\/fr\/accueil\/#logo\",\"inLanguage\":\"fr-FR\",\"url\":\"http:\/\/www.dev.centreplage.com\/wp-content\/uploads\/2021\/04\/LOGO-SIMPLE.png\",\"contentUrl\":\"http:\/\/www.dev.centreplage.com\/wp-content\/uploads\/2021\/04\/LOGO-SIMPLE.png\",\"width\":256,\"height\":223,\"caption\":\"Hotel Centre Plage\"},\"image\":{\"@id\":\"https:\/\/www.dev.centreplage.com\/index.php\/language\/fr\/accueil\/#logo\"}},{\"@type\":\"WebSite\",\"@id\":\"https:\/\/www.dev.centreplage.com\/index.php\/language\/fr\/accueil\/#website\",\"url\":\"https:\/\/www.dev.centreplage.com\/index.php\/language\/fr\/accueil\/\",\"name\":\"Hotel Centre Plage\",\"description\":\"Hotel \\u00e0 Argel\\u00e8s-sur-mer\",\"publisher\":{\"@id\":\"https:\/\/www.dev.centreplage.com\/index.php\/language\/fr\/accueil\/#organization\"},\"potentialAction\":[{\"@type\":\"SearchAction\",\"target\":\"https:\/\/www.dev.centreplage.com\/index.php\/language\/fr\/accueil\/?s={search_term_string}\",\"query-input\":\"required name=search_term_string\"}],\"inLanguage\":\"fr-FR\"},{\"@type\":\"ImageObject\",\"@id\":\"http:\/\/www.dev.centreplage.com\/index.php\/language\/en\/rooms\/#primaryimage\",\"inLanguage\":\"fr-FR\",\"url\":\"http:\/\/www.dev.centreplage.com\/wp-content\/uploads\/2021\/05\/chambre-double-hotel-centre-plage-650x467.jpg\",\"contentUrl\":\"http:\/\/www.dev.centreplage.com\/wp-content\/uploads\/2021\/05\/chambre-double-hotel-centre-plage-650x467.jpg\"},{\"@type\":\"WebPage\",\"@id\":\"http:\/\/www.dev.centreplage.com\/index.php\/language\/en\/rooms\/#webpage\",\"url\":\"http:\/\/www.dev.centreplage.com\/index.php\/language\/en\/rooms\/\",\"name\":\"Rooms - Hotel Centre Plage\",\"isPartOf\":{\"@id\":\"https:\/\/www.dev.centreplage.com\/index.php\/language\/fr\/accueil\/#website\"},\"primaryImageOfPage\":{\"@id\":\"http:\/\/www.dev.centreplage.com\/index.php\/language\/en\/rooms\/#primaryimage\"},\"datePublished\":\"2021-05-09T17:17:42+00:00\",\"dateModified\":\"2021-05-09T18:06:19+00:00\",\"breadcrumb\":{\"@id\":\"http:\/\/www.dev.centreplage.com\/index.php\/language\/en\/rooms\/#breadcrumb\"},\"inLanguage\":\"fr-FR\",\"potentialAction\":[{\"@type\":\"ReadAction\",\"target\":[\"http:\/\/www.dev.centreplage.com\/index.php\/language\/en\/rooms\/\"]}]},{\"@type\":\"BreadcrumbList\",\"@id\":\"http:\/\/www.dev.centreplage.com\/index.php\/language\/en\/rooms\/#breadcrumb\",\"itemListElement\":[{\"@type\":\"ListItem\",\"position\":1,\"item\":{\"@type\":\"WebPage\",\"@id\":\"https:\/\/www.dev.centreplage.com\/index.php\/language\/fr\/accueil\/\",\"url\":\"https:\/\/www.dev.centreplage.com\/index.php\/language\/fr\/accueil\/\",\"name\":\"Accueil\"}},{\"@type\":\"ListItem\",\"position\":2,\"item\":{\"@id\":\"http:\/\/www.dev.centreplage.com\/index.php\/language\/en\/rooms\/#webpage\"}}]}]}<\/script>\n<!-- \/ Yoast SEO plugin. -->","_links":{"self":[{"href":"https:\/\/www.dev.centreplage.com\/index.php\/wp-json\/wp\/v2\/pages\/5983"}],"collection":[{"href":"https:\/\/www.dev.centreplage.com\/index.php\/wp-json\/wp\/v2\/pages"}],"about":[{"href":"https:\/\/www.dev.centreplage.com\/index.php\/wp-json\/wp\/v2\/types\/page"}],"author":[{"embeddable":true,"href":"https:\/\/www.dev.centreplage.com\/index.php\/wp-json\/wp\/v2\/users\/2"}],"replies":[{"embeddable":true,"href":"https:\/\/www.dev.centreplage.com\/index.php\/wp-json\/wp\/v2\/comments?post=5983"}],"version-history":[{"count":8,"href":"https:\/\/www.dev.centreplage.com\/index.php\/wp-json\/wp\/v2\/pages\/5983\/revisions"}],"predecessor-version":[{"id":5991,"href":"https:\/\/www.dev.centreplage.com\/index.php\/wp-json\/wp\/v2\/pages\/5983\/revisions\/5991"}],"wp:attachment":[{"href":"https:\/\/www.dev.centreplage.com\/index.php\/wp-json\/wp\/v2\/media?parent=5983"}],"curies":[{"name":"wp","href":"https:\/\/api.w.org\/{rel}","templated":true}]}}